{"id":3029,"date":"2024-12-12T12:21:19","date_gmt":"2024-12-12T12:21:19","guid":{"rendered":"https:\/\/www.jimenez-lawfirm.com\/privacy-policy\/"},"modified":"2025-01-09T22:14:47","modified_gmt":"2025-01-09T22:14:47","slug":"politica-de-privacidad","status":"publish","type":"page","link":"https:\/\/www.jimenez-lawfirm.com\/es\/politica-de-privacidad\/","title":{"rendered":"Pol\u00edtica de Privacidad"},"content":{"rendered":"<h1>Pol\u00edtica de Privacidad<\/h1>\n<p>jimenez-lawfirm.com est\u00e1 comprometido a proteger cualquier informaci\u00f3n personal que usted nos proporcione. En particular, consideramos de suma importancia que usted est\u00e9 informado sobre c\u00f3mo tratamos la informaci\u00f3n sobre su persona que podamos recibir a trav\u00e9s de este sitio web. <\/p>\n<h2>INFORMACI\u00d3N RECOPILADA<\/h2>\n<p>En t\u00e9rminos generales, usted puede visitar este sitio web sin revelar su identidad ni proporcionar informaci\u00f3n alguna sobre su persona. Nuestros servidores web recopilan los nombres de dominio, mas no las direcciones de correo electr\u00f3nico, de los visitantes. Asimismo, nuestros servidores web intentan (como es pr\u00e1ctica com\u00fan en muchos sitios web) colocar una &#8216;cookie&#8217; (un peque\u00f1o archivo de datos) en el disco duro de su computadora, lo cual permite al servidor identificar el equipo en visitas subsecuentes con el fin de rastrear informaci\u00f3n estad\u00edstica sobre la navegaci\u00f3n en ciertas \u00e1reas de nuestro sitio y en promociones en otros sitios. Esta cookie no se utiliza para obtener su nombre ni ning\u00fan dato personal. La informaci\u00f3n rastreada se emplea \u00fanicamente para fines internos, tales como mejorar la navegaci\u00f3n del sitio y medir la efectividad de nuestras colocaciones promocionales. Dicha informaci\u00f3n no se comparte con ninguna entidad ajena a jimenez-lawfirm.com, sus afiliados y contratistas que asisten a jimenez-lawfirm.com en estos esfuerzos y que est\u00e1n sujetos a confidencialidad. No obstante, si usted prefiere no aceptar cookies, puede configurar su navegador para rechazarlas o para alertarle antes de que se coloque una. Adicionalmente, existen secciones de este sitio web donde podr\u00edamos necesitar recopilar informaci\u00f3n personal de usted para un prop\u00f3sito espec\u00edfico, como proporcionarle cierta informaci\u00f3n que usted solicite. La informaci\u00f3n recopilada de usted puede incluir su nombre, direcci\u00f3n, n\u00famero de tel\u00e9fono, n\u00famero de fax o direcci\u00f3n de correo electr\u00f3nico. Utilizamos una tecnolog\u00eda de terceros para colocar nuestros anuncios en otros sitios web. Esta tecnolog\u00eda instalar\u00e1 un peque\u00f1o archivo &#8216;cookie&#8217; en su computadora cuando visualice nuestro anuncio. Estas cookies no contendr\u00e1n ninguna informaci\u00f3n que lo identifique personalmente (como su nombre o direcci\u00f3n de correo electr\u00f3nico), pero contendr\u00e1n un n\u00famero generado aleatoriamente que es \u00fanico para su navegador y puede ser reconocido por un &#8216;Web beacon&#8217; (archivo GIF transparente) en nuestro sitio si hace clic en uno de nuestros anuncios para acceder a nuestro sitio. Esto nos permite realizar un seguimiento de cu\u00e1ntos visitantes \u00fanicos tenemos en nuestro sitio y desde qu\u00e9 anuncios ingresaron, para as\u00ed medir la efectividad de nuestros anuncios y colocaciones publicitarias. Las pol\u00edticas de privacidad de los sitios web en los que anunciamos, y a trav\u00e9s de los cuales se instalan las cookies, deber\u00edan informarle sobre la cookie, y usted, por supuesto, puede configurar su navegador para rechazar cookies. Para obtener m\u00e1s informaci\u00f3n sobre la tecnolog\u00eda de publicidad de terceros que utilizamos, las cookies y c\u00f3mo &#8216;optar por no participar&#8217;, por favor env\u00edenos un correo electr\u00f3nico. Este sitio web no est\u00e1 destinado a personas menores de 13 a\u00f1os. No solicitamos ni recopilamos deliberadamente informaci\u00f3n personal de o sobre menores, ni comercializamos nuestros productos o servicios a menores.                <\/p>\n<h2>USO DE LA INFORMACI\u00d3N RECOPILADA<\/h2>\n<p>Al enviar un formulario de solicitud en cualquiera de las propiedades web o ofertas en l\u00ednea de jimenez-lawfirm.com, usted autoriza a jimenez-lawfirm.com o sus afiliados a contactarle por tel\u00e9fono y\/o correo electr\u00f3nico con respecto a esta oferta y cualquier nueva oferta disponible en el futuro. La informaci\u00f3n del nombre de dominio que recopilamos no se utiliza para identificarle personalmente, sino que se agrega para medir el n\u00famero de visitas, el tiempo promedio pasado en el sitio, las p\u00e1ginas visitadas, etc. Utilizamos esta informaci\u00f3n para medir el uso de nuestro sitio y para mejorar el contenido del mismo. Cuando recopilamos otra informaci\u00f3n de usted, como su nombre y direcci\u00f3n de correo electr\u00f3nico, generalmente le informamos en el momento de la recopilaci\u00f3n c\u00f3mo utilizaremos la informaci\u00f3n personal. Usualmente, utilizamos la informaci\u00f3n personal que proporciona solo para responder a su consulta o para procesar su solicitud (como recibir informaci\u00f3n sobre nuestros servicios). Esta informaci\u00f3n puede compartirse con otros negocios de jimenez-lawfirm.com, pero solo si es necesario para cumplir con su solicitud o para fines relacionados. Podemos compartir la informaci\u00f3n personal que proporciona con otras compa\u00f1\u00edas o afiliados. Estas compa\u00f1\u00edas est\u00e1n contractualmente obligadas a utilizar la informaci\u00f3n personal que compartimos con ellas solo para realizar los servicios que les hemos contratado para proporcionar. No compartimos, vendemos ni arrendamos informaci\u00f3n personal sobre usted a terceros externos para su uso de marketing. Divulgaremos informaci\u00f3n sobre usted si usted nos lo indica, si estamos obligados por ley a hacerlo, o en otras circunstancias legalmente limitadas (por ejemplo, para proteger su cuenta contra fraude). Si se registra con una de las unidades de negocio de jimenez-lawfirm.com en l\u00ednea, pueden utilizar esta informaci\u00f3n para proporcionarle informaci\u00f3n personalizada sobre las ofertas de jimenez-lawfirm.com en apoyo de sus necesidades comerciales. Tambi\u00e9n pueden intentar colocar una \u00abcookie\u00bb (peque\u00f1o archivo de datos) como se mencion\u00f3 anteriormente para proporcionarle informaci\u00f3n personalizada. Debe revisar la pol\u00edtica de privacidad asociada con el sitio web de esa unidad de negocio de jimenez-lawfirm.com para obtener m\u00e1s informaci\u00f3n sobre las pr\u00e1cticas de privacidad de esa unidad de negocio de jimenez-lawfirm.com.            <\/p>\n<h2>INFORMACI\u00d3N DE LLAMADAS TELEF\u00d3NICAS<\/h2>\n<p>Si usted llama a un n\u00famero de tel\u00e9fono listado en nuestro sitio web, podemos recopilar informaci\u00f3n personal de usted, incluyendo su nombre y n\u00famero de tel\u00e9fono a trav\u00e9s de la identificaci\u00f3n de llamadas y tecnolog\u00eda de llamada inversa. Tambi\u00e9n podemos grabar la conversaci\u00f3n telef\u00f3nica. Grabamos la conversaci\u00f3n telef\u00f3nica para rastrear el rendimiento de nuestros anuncios y con fines de control de calidad. No grabamos las llamadas con el prop\u00f3sito de recopilar su informaci\u00f3n personal. Si grabamos la conversaci\u00f3n telef\u00f3nica, le notificaremos antes de que comience la conversaci\u00f3n. Adem\u00e1s de jimenez-lawfirm.com, las \u00fanicas partes que tienen acceso a la grabaci\u00f3n son el proveedor de servicios telef\u00f3nicos y los contratistas y afiliados de jimenez-lawfirm.com que asisten estrictamente en los esfuerzos descritos en este p\u00e1rrafo, y que est\u00e1n obligados por la confidencialidad. Al proporcionar mi informaci\u00f3n de contacto y n\u00famero de tel\u00e9fono, autorizo expresamente a jimenez-lawfirm.com o sus afiliados a contactarme en el n\u00famero de tel\u00e9fono que he proporcionado y\/o la direcci\u00f3n de correo electr\u00f3nico que he proporcionado, incluso si previamente he elegido que el n\u00famero de tel\u00e9fono que proporcion\u00e9 o la direcci\u00f3n de correo electr\u00f3nico que proporcion\u00e9 se agregaran a cualquier Lista de No Llamar o lista anti-spam, incluidas las listas mantenidas por jimenez-lawfirm.com o sus afiliados o cualquier agencia gubernamental local, estatal o federal. Adem\u00e1s, reconozco que al enviar esta solicitud, jimenez-lawfirm.com o sus afiliados tienen mi permiso para contactarme por tel\u00e9fono y\/o correo electr\u00f3nico.       <\/p>\n<h2>ENLACES A OTROS SITIOS<\/h2>\n<p>El sitio web de jimenez-lawfirm.com puede contener enlaces a otros sitios. Si bien intentamos enlazar solo a sitios que comparten nuestros altos est\u00e1ndares y respeto por la privacidad, no somos responsables del contenido, la seguridad o las pr\u00e1cticas de privacidad empleadas por otros sitios. <\/p>\n<h2>SEGURIDAD DE LA INFORMACI\u00d3N RECOPILADA<\/h2>\n<p>Mantenemos estrictas salvaguardias f\u00edsicas, electr\u00f3nicas y administrativas para proteger su informaci\u00f3n personal de acceso no autorizado o inapropiado. Restringimos el acceso a la informaci\u00f3n sobre usted a aquellos trabajadores de jimenez-lawfirm.com que necesitan conocer la informaci\u00f3n para responder a su consulta o solicitud. Los trabajadores que hacen mal uso de la informaci\u00f3n personal est\u00e1n sujetos a acciones disciplinarias.  <\/p>\n<h2>CONTACT\u00c1NDONOS<\/h2>\n<p>Si tiene alguna pregunta sobre esta pol\u00edtica de privacidad, por favor <a href=\"mailto:taj@jimenez-lawfirm.com\">env\u00edenos un correo electr\u00f3nico<\/a>. Agradecemos sus preguntas y sugerencias sobre nuestra pol\u00edtica de privacidad. <\/p>\n<h2>CAMBIOS A ESTA POL\u00cdTICA<\/h2>\n<p>Por favor, revise esta pol\u00edtica de privacidad peri\u00f3dicamente para informarse de cualquier cambio.<\/p>\n","protected":false},"excerpt":{"rendered":"<p>Pol\u00edtica de Privacidad jimenez-lawfirm.com est\u00e1 comprometido a proteger cualquier informaci\u00f3n personal que usted nos proporcione. En particular, consideramos de suma importancia que usted est\u00e9 informado sobre c\u00f3mo tratamos la informaci\u00f3n sobre su persona que podamos recibir a trav\u00e9s de este sitio web. INFORMACI\u00d3N RECOPILADA En t\u00e9rminos generales, usted puede visitar este sitio web sin revelar [&hellip;]<\/p>\n","protected":false},"author":1,"featured_media":0,"parent":0,"menu_order":0,"comment_status":"closed","ping_status":"open","template":"","meta":{"_seopress_robots_primary_cat":"","_seopress_titles_title":"","_seopress_titles_desc":"","_seopress_robots_index":"","footnotes":""},"class_list":["post-3029","page","type-page","status-publish","hentry"],"_links":{"self":[{"href":"https:\/\/www.jimenez-lawfirm.com\/es\/wp-json\/wp\/v2\/pages\/3029","targetHints":{"allow":["GET"]}}],"collection":[{"href":"https:\/\/www.jimenez-lawfirm.com\/es\/wp-json\/wp\/v2\/pages"}],"about":[{"href":"https:\/\/www.jimenez-lawfirm.com\/es\/wp-json\/wp\/v2\/types\/page"}],"author":[{"embeddable":true,"href":"https:\/\/www.jimenez-lawfirm.com\/es\/wp-json\/wp\/v2\/users\/1"}],"replies":[{"embeddable":true,"href":"https:\/\/www.jimenez-lawfirm.com\/es\/wp-json\/wp\/v2\/comments?post=3029"}],"version-history":[{"count":1,"href":"https:\/\/www.jimenez-lawfirm.com\/es\/wp-json\/wp\/v2\/pages\/3029\/revisions"}],"predecessor-version":[{"id":4288,"href":"https:\/\/www.jimenez-lawfirm.com\/es\/wp-json\/wp\/v2\/pages\/3029\/revisions\/4288"}],"wp:attachment":[{"href":"https:\/\/www.jimenez-lawfirm.com\/es\/wp-json\/wp\/v2\/media?parent=3029"}],"curies":[{"name":"wp","href":"https:\/\/api.w.org\/{rel}","templated":true}]}}